{"id":33,"date":"2018-01-10T00:44:55","date_gmt":"2018-01-10T02:44:55","guid":{"rendered":"http:\/\/namurpsicologia.com.br\/site\/?page_id=33"},"modified":"2025-01-24T21:02:14","modified_gmt":"2025-01-25T00:02:14","slug":"servicos","status":"publish","type":"page","link":"https:\/\/namurpsicologia.com.br\/site\/servicos\/","title":{"rendered":"Servi\u00e7os"},"content":{"rendered":"\t\t<div data-elementor-type=\"wp-page\" data-elementor-id=\"33\" class=\"elementor elementor-33\">\n\t\t\t\t\t\t<section class=\"elementor-section elementor-top-section elementor-element elementor-element-7cf13e35 elementor-section-boxed elementor-section-height-default elementor-section-height-default\" data-id=\"7cf13e35\" data-element_type=\"section\">\n\t\t\t\t\t\t<div class=\"elementor-container elementor-column-gap-default\">\n\t\t\t\t\t<div class=\"elementor-column elementor-col-100 elementor-top-column elementor-element elementor-element-5f50669\" data-id=\"5f50669\" data-element_type=\"column\">\n\t\t\t<div class=\"elementor-widget-wrap elementor-element-populated\">\n\t\t\t\t\t\t<div class=\"elementor-element elementor-element-383932bc elementor-widget elementor-widget-text-editor\" data-id=\"383932bc\" data-element_type=\"widget\" data-widget_type=\"text-editor.default\">\n\t\t\t\t<div class=\"elementor-widget-container\">\n\t\t\t\t\t\t\t\t\t<p><strong>Psicoterapia Cl\u00ednica<\/strong><\/p><p>O processo terap\u00eautico \u00e9 em ess\u00eancia um processo de aprendizado e tomada de consci\u00eancia no qual a pessoa que o vivencia nunca mais se esquece dos recursos apreendidos e dos graus de consci\u00eancia conquistados. Com o amadurecimento, a pessoa passa a agir no mundo com mais autonomia, coer\u00eancia, satisfa\u00e7\u00e3o, leveza e vis\u00e3o ampliada da realidade.<\/p><p><strong>Experi\u00eancia Som\u00e1tica <\/strong><\/p><p>Atualmente \u00e9 considerada uma das mais eficientes abordagens de cura de traumas e autorregula\u00e7\u00e3o emocional existentes no mundo. O m\u00e9todo \u00e9 baseado em Psicoterapia Corporal e Neuroci\u00eancia Aplicada e parte do princ\u00edpio de que o corpo humano tem a capacidade natural de curar-se dos traumas vivenciados durante a vida se for estimulado adequadamente a completar as respostas de defesa que ficaram incompletas ap\u00f3s o evento traum\u00e1tico. A Experi\u00eancia Som\u00e1tica tem a capacidade de desbloquear os mecanismos naturais do organismo de descarregar o estresse e restaurar o estado de repouso profundo, seguran\u00e7a e bem-estar.<\/p><p>Eficaz para traumas em geral, ansiedade, depress\u00e3o, s\u00edndromes psicossom\u00e1ticas e gest\u00e3o do estresse.<\/p><p><strong>Mindfulness<\/strong><\/p><p>Mindfulness significa estado de aten\u00e7\u00e3o plena no momento presente. Muito estudos vem sendo feitos sobre Mindfulness nas \u00e1rea psicologia, neuroci\u00eancia e medita\u00e7\u00e3o e descobertas surpreendentes vem revolucionando a forma de se compreender o c\u00e9rebro humano, a consci\u00eancia e o equil\u00edbrio emocional. Novas abordagens terap\u00eauticas baseadas Mindfulness vem ganhando for\u00e7a, notoriedade e comprova\u00e7\u00e3o cient\u00edfica no tratamento de transtornos mentais, estresse e ansiedade. O programa de treinamento em Mindfulness mais pesquisado no mundo \u00e9 o programa de Redu\u00e7\u00e3o de Estresse Baseado em Mindfulness (MBSR) desenvolvido pelo Dr. Jon Kabat-Zinn e atualmente foi inserido na grade curricular de milhares de escolas ao redor do mundo, no treinamento de desenvolvimento humano dos altos funcion\u00e1rios do parlamento ingl\u00eas e americano, no ex\u00e9rcito e por empres\u00e1rios e atletas de alta performance.<\/p><p>O processo de treinamento em Mindfulness visa promover o desenvolvimento de habilidades de autorregula\u00e7\u00e3o emocional atrav\u00e9s da consci\u00eancia plena no momento presente.<\/p><p><strong>Brainspotting<\/strong><\/p><p>M\u00e9todo de cura baseado em neuroci\u00eancia aplicada desenvolvido pelo Dr. David Grand nos EUA com o objetivo de gerar reprocessamento neurobiol\u00f3gico das mem\u00f3rias traum\u00e1ticas. O rastreamento das ativa\u00e7\u00f5es traum\u00e1ticas em n\u00edvel inconsciente acontece pela observa\u00e7\u00e3o das rea\u00e7\u00f5es corporais associadas ao movimento ocular. Ap\u00f3s a identifica\u00e7\u00e3o do ponto ocular de processamento (brainspot) o c\u00e9rebro se reorganiza e o corpo libera as tens\u00f5es traum\u00e1ticas.<\/p><p><strong>Respira\u00e7\u00e3o Consciente<\/strong><\/p><p>Respira\u00e7\u00e3o Consciente \u00e9 um m\u00e9todo de desbloqueio emocional profundo atrav\u00e9s da respira\u00e7\u00e3o com o potencial de restaurar a plena capacidade de pulsa\u00e7\u00e3o do organismo entre carga e descarga eletrovegetativa do sistema nervoso. Al\u00e9m de favorecer enormemente o funcionamento do sistema imunol\u00f3gico, a Respira\u00e7\u00e3o Consciente potencializa o funcionamento do c\u00e9rebro e pode promover profundo estado de energiza\u00e7\u00e3o, relaxamento e bem-estar ap\u00f3s as sess\u00f5es de respira\u00e7\u00e3o. O processo nem sempre \u00e9 f\u00e1cil e pode ser bastante intenso e desafiador, pois pode acessar e reprocessar traumas diversos principalmente traumas intrauterinos e de primeira inf\u00e2ncia.<\/p><p><strong>HeartMath<\/strong><\/p><p>M\u00e9todo de autorregula\u00e7\u00e3o emocional desenvolvido nos EUA com base em neuroci\u00eancia aplicada. Visa promover estados fisiol\u00f3gicos de coer\u00eancia card\u00edaca onde a sintonia entre mente e corpo \u00e9 otimizada para o m\u00e1ximo rendimento, m\u00ednima fadiga e profundo estado de bem-estar. Tem sido muito utilizado em treinamentos de desenvolvimento humano e gerenciamento de estresse em empresas e por atletas de alta performance.<br \/>\u00c9 fundamentado por diversas pesquisas em neuroci\u00eancia e psicologia e se destaca como excelente ferramenta coadjuvante a psicoterapia cl\u00ednica no tratamento de transtornos de ansiedade, gest\u00e3o de estresse e equil\u00edbrio emocional.<\/p>\t\t\t\t\t\t\t\t<\/div>\n\t\t\t\t<\/div>\n\t\t\t\t\t<\/div>\n\t\t<\/div>\n\t\t\t\t\t<\/div>\n\t\t<\/section>\n\t\t\t\t<\/div>\n\t\t","protected":false},"excerpt":{"rendered":"<p>Psicoterapia Cl\u00ednica O processo terap\u00eautico \u00e9 em ess\u00eancia um processo de aprendizado e tomada de consci\u00eancia no qual a pessoa que o vivencia nunca mais se esquece dos recursos apreendidos e dos graus de consci\u00eancia conquistados. Com o amadurecimento, a pessoa passa a agir no mundo com mais autonomia, coer\u00eancia, satisfa\u00e7\u00e3o, leveza e vis\u00e3o ampliada&hellip;<\/p>\n","protected":false},"author":1,"featured_media":0,"parent":0,"menu_order":0,"comment_status":"closed","ping_status":"closed","template":"","meta":{"_exactmetrics_skip_tracking":false,"_exactmetrics_sitenote_active":false,"_exactmetrics_sitenote_note":"","_exactmetrics_sitenote_category":0,"footnotes":""},"class_list":["post-33","page","type-page","status-publish","hentry"],"_links":{"self":[{"href":"https:\/\/namurpsicologia.com.br\/site\/wp-json\/wp\/v2\/pages\/33","targetHints":{"allow":["GET"]}}],"collection":[{"href":"https:\/\/namurpsicologia.com.br\/site\/wp-json\/wp\/v2\/pages"}],"about":[{"href":"https:\/\/namurpsicologia.com.br\/site\/wp-json\/wp\/v2\/types\/page"}],"author":[{"embeddable":true,"href":"https:\/\/namurpsicologia.com.br\/site\/wp-json\/wp\/v2\/users\/1"}],"replies":[{"embeddable":true,"href":"https:\/\/namurpsicologia.com.br\/site\/wp-json\/wp\/v2\/comments?post=33"}],"version-history":[{"count":14,"href":"https:\/\/namurpsicologia.com.br\/site\/wp-json\/wp\/v2\/pages\/33\/revisions"}],"predecessor-version":[{"id":438,"href":"https:\/\/namurpsicologia.com.br\/site\/wp-json\/wp\/v2\/pages\/33\/revisions\/438"}],"wp:attachment":[{"href":"https:\/\/namurpsicologia.com.br\/site\/wp-json\/wp\/v2\/media?parent=33"}],"curies":[{"name":"wp","href":"https:\/\/api.w.org\/{rel}","templated":true}]}}