{"id":36,"date":"2018-01-10T01:15:27","date_gmt":"2018-01-10T03:15:27","guid":{"rendered":"http:\/\/namurpsicologia.com.br\/site\/?page_id=36"},"modified":"2025-01-24T21:10:30","modified_gmt":"2025-01-25T00:10:30","slug":"sobre","status":"publish","type":"page","link":"https:\/\/namurpsicologia.com.br\/site\/sobre\/","title":{"rendered":"Sobre"},"content":{"rendered":"\t\t<div data-elementor-type=\"wp-page\" data-elementor-id=\"36\" class=\"elementor elementor-36\">\n\t\t\t\t\t\t<section class=\"elementor-section elementor-top-section elementor-element elementor-element-3563c33c elementor-section-boxed elementor-section-height-default elementor-section-height-default\" data-id=\"3563c33c\" data-element_type=\"section\">\n\t\t\t\t\t\t<div class=\"elementor-container elementor-column-gap-default\">\n\t\t\t\t\t<div class=\"elementor-column elementor-col-100 elementor-top-column elementor-element elementor-element-68728f1a\" data-id=\"68728f1a\" data-element_type=\"column\">\n\t\t\t<div class=\"elementor-widget-wrap elementor-element-populated\">\n\t\t\t\t\t\t<div class=\"elementor-element elementor-element-6ab11774 elementor-widget elementor-widget-text-editor\" data-id=\"6ab11774\" data-element_type=\"widget\" data-widget_type=\"text-editor.default\">\n\t\t\t\t<div class=\"elementor-widget-container\">\n\t\t\t\t\t\t\t\t\t<p>Psic\u00f3logo Clinico graduado pela Universidade Federal da Para\u00edba (UFPB), palestrante, professor de Y\u00f4ga, especialista em abordagens baseadas em neuroci\u00eancia aplicada \u00e0 cura de traumas, gest\u00e3o de estresse e regula\u00e7\u00e3o emocional.<\/p><p><strong>Minha miss\u00e3o<\/strong>\u00a0\u00e9 auxiliar o ser humano a superar as suas dores, medos e confus\u00f5es e, progressivamente, conquistar mais clareza mental, equil\u00edbrio emocional, determina\u00e7\u00e3o, positividade, realiza\u00e7\u00f5es e acima de tudo, mais felicidade.<\/p><p><strong>Para facilitar esse processo<\/strong> disponho de ferramentas poderosas de desenvolvimento pessoal como Psicologia Acad\u00eamica, Terapia Cognitivo-Comportamental, Experi\u00eancia Som\u00e1tica, Brainsptting, HeartMath, Mindfulness, Eneagrama e Respira\u00e7\u00e3o Consciente.<\/p><p><strong>Atualmente atendo pessoas em quadros de: <\/strong><\/p><ul><li>Doen\u00e7as cr\u00f4nicas como c\u00e2ncer, fibromialgia, bipolaridade e depress\u00e3o<\/li><li>Transtornos de ansiedade em geral como s\u00edndrome do p\u00e2nico, agorafobia e ansiedade social<\/li><li>Transtorno de Estresse P\u00f3s-Traum\u00e1tico<\/li><li>Desequil\u00edbrios emocionais em geral e dificuldades de relacionamento<\/li><li>Pessoas que est\u00e3o buscando autoconhecimento e aprimoramento pessoal<\/li><\/ul><p><strong>O meu foco \u00e9 oferecer:<\/strong><\/p><ul><li>Treinamento de habilidades de <em>AUTORREGULA\u00c7\u00c3O<\/em> emocional<\/li><li>T\u00e9cnicas para gerenciar e descarregar o estresse<\/li><li>Reprocessar e liberar traumas conscientes e inconscientes<\/li><li>T\u00e9cnicas para modificar pensamentos disfuncionais<\/li><li>Estrat\u00e9gias de solu\u00e7\u00e3o problemas e estabelecimento de metas<\/li><li>Ferramentas para desenvolver a presen\u00e7a no presente<\/li><\/ul><p><strong>\u00c9 importante lembrar que:<\/strong><\/p><div>O processo terap\u00eautico \u00e9 em ess\u00eancia um processo de aprendizado e tomada de consci\u00eancia no qual a pessoa que o vivencia nunca mais se esquece dos recursos apreendidos e dos graus de consci\u00eancia conquistados. Com o amadurecimento, a pessoa passa a agir no mundo com mais autonomia, coer\u00eancia, satisfa\u00e7\u00e3o, leveza e vis\u00e3o ampliada da realidade.<\/div><p>\u00a0<\/p>\t\t\t\t\t\t\t\t<\/div>\n\t\t\t\t<\/div>\n\t\t\t\t\t<\/div>\n\t\t<\/div>\n\t\t\t\t\t<\/div>\n\t\t<\/section>\n\t\t\t\t<\/div>\n\t\t","protected":false},"excerpt":{"rendered":"<p>Psic\u00f3logo Clinico graduado pela Universidade Federal da Para\u00edba (UFPB), palestrante, professor de Y\u00f4ga, especialista em abordagens baseadas em neuroci\u00eancia aplicada \u00e0 cura de traumas, gest\u00e3o de estresse e regula\u00e7\u00e3o emocional. Minha miss\u00e3o\u00a0\u00e9 auxiliar o ser humano a superar as suas dores, medos e confus\u00f5es e, progressivamente, conquistar mais clareza mental, equil\u00edbrio emocional, determina\u00e7\u00e3o, positividade, realiza\u00e7\u00f5es&hellip;<\/p>\n","protected":false},"author":1,"featured_media":0,"parent":0,"menu_order":0,"comment_status":"closed","ping_status":"closed","template":"","meta":{"_exactmetrics_skip_tracking":false,"_exactmetrics_sitenote_active":false,"_exactmetrics_sitenote_note":"","_exactmetrics_sitenote_category":0,"footnotes":""},"class_list":["post-36","page","type-page","status-publish","hentry"],"_links":{"self":[{"href":"https:\/\/namurpsicologia.com.br\/site\/wp-json\/wp\/v2\/pages\/36","targetHints":{"allow":["GET"]}}],"collection":[{"href":"https:\/\/namurpsicologia.com.br\/site\/wp-json\/wp\/v2\/pages"}],"about":[{"href":"https:\/\/namurpsicologia.com.br\/site\/wp-json\/wp\/v2\/types\/page"}],"author":[{"embeddable":true,"href":"https:\/\/namurpsicologia.com.br\/site\/wp-json\/wp\/v2\/users\/1"}],"replies":[{"embeddable":true,"href":"https:\/\/namurpsicologia.com.br\/site\/wp-json\/wp\/v2\/comments?post=36"}],"version-history":[{"count":21,"href":"https:\/\/namurpsicologia.com.br\/site\/wp-json\/wp\/v2\/pages\/36\/revisions"}],"predecessor-version":[{"id":441,"href":"https:\/\/namurpsicologia.com.br\/site\/wp-json\/wp\/v2\/pages\/36\/revisions\/441"}],"wp:attachment":[{"href":"https:\/\/namurpsicologia.com.br\/site\/wp-json\/wp\/v2\/media?parent=36"}],"curies":[{"name":"wp","href":"https:\/\/api.w.org\/{rel}","templated":true}]}}