{"id":6,"date":"2018-01-08T16:31:24","date_gmt":"2018-01-08T18:31:24","guid":{"rendered":"http:\/\/namurpsicologia.com.br\/site\/?page_id=6"},"modified":"2025-01-24T23:29:03","modified_gmt":"2025-01-25T02:29:03","slug":"home","status":"publish","type":"page","link":"https:\/\/namurpsicologia.com.br\/site\/","title":{"rendered":"Home"},"content":{"rendered":"\t\t<div data-elementor-type=\"wp-page\" data-elementor-id=\"6\" class=\"elementor elementor-6\">\n\t\t\t\t\t\t<section class=\"elementor-section elementor-top-section elementor-element elementor-element-2bafd57 elementor-section-boxed elementor-section-height-default elementor-section-height-default\" data-id=\"2bafd57\" data-element_type=\"section\">\n\t\t\t\t\t\t<div class=\"elementor-container elementor-column-gap-default\">\n\t\t\t\t\t<div class=\"elementor-column elementor-col-100 elementor-top-column elementor-element elementor-element-a4f1d8c\" data-id=\"a4f1d8c\" data-element_type=\"column\">\n\t\t\t<div class=\"elementor-widget-wrap\">\n\t\t\t\t\t\t\t<\/div>\n\t\t<\/div>\n\t\t\t\t\t<\/div>\n\t\t<\/section>\n\t\t\t\t<section class=\"elementor-section elementor-top-section elementor-element elementor-element-d674ae6 elementor-section-boxed elementor-section-height-default elementor-section-height-default\" data-id=\"d674ae6\" data-element_type=\"section\">\n\t\t\t\t\t\t<div class=\"elementor-container elementor-column-gap-default\">\n\t\t\t\t\t<div class=\"elementor-column elementor-col-100 elementor-top-column elementor-element elementor-element-9377c63\" data-id=\"9377c63\" data-element_type=\"column\">\n\t\t\t<div class=\"elementor-widget-wrap elementor-element-populated\">\n\t\t\t\t\t\t<div class=\"elementor-element elementor-element-305fd9e elementor-widget elementor-widget-heading\" data-id=\"305fd9e\" data-element_type=\"widget\" data-widget_type=\"heading.default\">\n\t\t\t\t<div class=\"elementor-widget-container\">\n\t\t\t\t\t<h2 class=\"elementor-heading-title elementor-size-default\">Psic\u00f3logo Cl\u00ednico\n<\/h2>\t\t\t\t<\/div>\n\t\t\t\t<\/div>\n\t\t\t\t<div class=\"elementor-element elementor-element-6bac0d0 elementor-widget elementor-widget-image\" data-id=\"6bac0d0\" data-element_type=\"widget\" data-widget_type=\"image.default\">\n\t\t\t\t<div class=\"elementor-widget-container\">\n\t\t\t\t\t\t\t\t\t\t\t\t\t\t\t<img fetchpriority=\"high\" decoding=\"async\" width=\"750\" height=\"615\" src=\"https:\/\/namurpsicologia.com.br\/site\/wp-content\/uploads\/2025\/01\/Imagem-do-WhatsApp-de-2024-12-29-as-13.54.37_49a03c07.jpg\" class=\"attachment-large size-large wp-image-321\" alt=\"\" srcset=\"https:\/\/namurpsicologia.com.br\/site\/wp-content\/uploads\/2025\/01\/Imagem-do-WhatsApp-de-2024-12-29-as-13.54.37_49a03c07.jpg 750w, https:\/\/namurpsicologia.com.br\/site\/wp-content\/uploads\/2025\/01\/Imagem-do-WhatsApp-de-2024-12-29-as-13.54.37_49a03c07-300x246.jpg 300w\" sizes=\"(max-width: 750px) 100vw, 750px\" \/>\t\t\t\t\t\t\t\t\t\t\t\t\t\t\t<\/div>\n\t\t\t\t<\/div>\n\t\t\t\t<div class=\"elementor-element elementor-element-c1b40dc elementor-widget elementor-widget-text-editor\" data-id=\"c1b40dc\" data-element_type=\"widget\" data-widget_type=\"text-editor.default\">\n\t\t\t\t<div class=\"elementor-widget-container\">\n\t\t\t\t\t\t\t\t\t<p>Eu sou o Dr. Gabriel Namur, psic\u00f3logo especializado em gest\u00e3o de estresse e regula\u00e7\u00e3o emocional e atendo brasileiros que moram no exterior.<\/p><p>Por aqui voc\u00ea vai poder conhecer mais sobre o meu trabalho e agendar sua primeira sess\u00e3o.<\/p>\t\t\t\t\t\t\t\t<\/div>\n\t\t\t\t<\/div>\n\t\t\t\t\t<\/div>\n\t\t<\/div>\n\t\t\t\t\t<\/div>\n\t\t<\/section>\n\t\t\t\t<section class=\"elementor-section elementor-top-section elementor-element elementor-element-c6e385d elementor-section-boxed elementor-section-height-default elementor-section-height-default\" data-id=\"c6e385d\" data-element_type=\"section\">\n\t\t\t\t\t\t<div class=\"elementor-container elementor-column-gap-default\">\n\t\t\t\t\t<div class=\"elementor-column elementor-col-100 elementor-top-column elementor-element elementor-element-2e62edb\" data-id=\"2e62edb\" data-element_type=\"column\">\n\t\t\t<div class=\"elementor-widget-wrap elementor-element-populated\">\n\t\t\t\t\t\t<div class=\"elementor-element elementor-element-b384f52 elementor-widget elementor-widget-wp-widget-media_video\" data-id=\"b384f52\" data-element_type=\"widget\" data-widget_type=\"wp-widget-media_video.default\">\n\t\t\t\t<div class=\"elementor-widget-container\">\n\t\t\t\t\t<div style=\"width:100%;\" class=\"wp-video\"><!--[if lt IE 9]><script>document.createElement('video');<\/script><![endif]-->\n<video class=\"wp-video-shortcode\" id=\"video-6-1\" preload=\"metadata\" controls=\"controls\"><source type=\"video\/mp4\" src=\"https:\/\/namurpsicologia.com.br\/site\/wp-content\/uploads\/2025\/01\/video-home.mp4?_=1\" \/><source type=\"video\/mp4\" src=\"https:\/\/namurpsicologia.com.br\/site\/wp-content\/uploads\/2025\/01\/video-home.mp4?_=1\" \/><a href=\"https:\/\/namurpsicologia.com.br\/site\/wp-content\/uploads\/2025\/01\/video-home.mp4\">https:\/\/namurpsicologia.com.br\/site\/wp-content\/uploads\/2025\/01\/video-home.mp4<\/a><\/video><\/div>\t\t\t\t<\/div>\n\t\t\t\t<\/div>\n\t\t\t\t\t<\/div>\n\t\t<\/div>\n\t\t\t\t\t<\/div>\n\t\t<\/section>\n\t\t\t\t<section class=\"elementor-section elementor-top-section elementor-element elementor-element-53d0614 elementor-section-boxed elementor-section-height-default elementor-section-height-default\" data-id=\"53d0614\" data-element_type=\"section\">\n\t\t\t\t\t\t<div class=\"elementor-container elementor-column-gap-default\">\n\t\t\t\t\t<div class=\"elementor-column elementor-col-100 elementor-top-column elementor-element elementor-element-6ef5c07\" data-id=\"6ef5c07\" data-element_type=\"column\">\n\t\t\t<div class=\"elementor-widget-wrap\">\n\t\t\t\t\t\t\t<\/div>\n\t\t<\/div>\n\t\t\t\t\t<\/div>\n\t\t<\/section>\n\t\t\t\t<section class=\"elementor-section elementor-top-section elementor-element elementor-element-f489b39 elementor-section-boxed elementor-section-height-default elementor-section-height-default\" data-id=\"f489b39\" data-element_type=\"section\">\n\t\t\t\t\t\t<div class=\"elementor-container elementor-column-gap-default\">\n\t\t\t\t\t<div class=\"elementor-column elementor-col-100 elementor-top-column elementor-element elementor-element-df71366\" data-id=\"df71366\" data-element_type=\"column\">\n\t\t\t<div class=\"elementor-widget-wrap elementor-element-populated\">\n\t\t\t\t\t\t<div class=\"elementor-element elementor-element-5ea485a elementor-widget elementor-widget-text-editor\" data-id=\"5ea485a\" data-element_type=\"widget\" data-widget_type=\"text-editor.default\">\n\t\t\t\t<div class=\"elementor-widget-container\">\n\t\t\t\t\t\t\t\t\t<p>Gabriel Maisano Namur<br \/>CRP 13-8118<\/p><p>Graduado em Psicologia pela Universidade Federal da Para\u00edba, Especialista em Terapia Cognitivo Comportamental pela PUC-RS, Especialista em Neuropsicologia pela UNIP\u00ca, <br \/>Professor em P\u00f3s-Gradua\u00e7\u00e3o em Neuroci\u00eancia da Respira\u00e7\u00e3o.<\/p><p>Desde muito cedo, quando eu era crian\u00e7a, vivia me perguntando sobre o que o ser humano deveria fazer para ser mais feliz.<\/p><p>Na busca de respostas eu gostava de escutar e conversar com diferentes tipos de pessoas para saber as suas perspectivas de vida.<\/p><p>Notei que o pr\u00f3prio ato de conversar, por si s\u00f3, me deixava contente e as pessoas com quem eu conversava tamb\u00e9m se sentiam alegres e valorizadas.<\/p><p>Com a pr\u00e1tica acabei criando gosto por conhecer o ser humano e busquei aprofundar os meus conhecimentos atrav\u00e9s da psicologia.<\/p><p>Hoje, com quase quatro d\u00e9cadas de exist\u00eancia, atendo pessoas de diversos lugares do mundo e me sinto muito feliz de estar cumprindo minha miss\u00e3o. <\/p>\t\t\t\t\t\t\t\t<\/div>\n\t\t\t\t<\/div>\n\t\t\t\t\t<\/div>\n\t\t<\/div>\n\t\t\t\t\t<\/div>\n\t\t<\/section>\n\t\t\t\t<section class=\"elementor-section elementor-top-section elementor-element elementor-element-bd7b4d3 elementor-section-boxed elementor-section-height-default elementor-section-height-default\" data-id=\"bd7b4d3\" data-element_type=\"section\">\n\t\t\t\t\t\t<div class=\"elementor-container elementor-column-gap-default\">\n\t\t\t\t\t<div class=\"elementor-column elementor-col-100 elementor-top-column elementor-element elementor-element-530a6e6\" data-id=\"530a6e6\" data-element_type=\"column\">\n\t\t\t<div class=\"elementor-widget-wrap\">\n\t\t\t\t\t\t\t<\/div>\n\t\t<\/div>\n\t\t\t\t\t<\/div>\n\t\t<\/section>\n\t\t\t\t<section class=\"elementor-section elementor-top-section elementor-element elementor-element-931688f elementor-section-boxed elementor-section-height-default elementor-section-height-default\" data-id=\"931688f\" data-element_type=\"section\">\n\t\t\t\t\t\t<div class=\"elementor-container elementor-column-gap-default\">\n\t\t\t\t\t<div class=\"elementor-column elementor-col-100 elementor-top-column elementor-element elementor-element-cc820e2\" data-id=\"cc820e2\" data-element_type=\"column\">\n\t\t\t<div class=\"elementor-widget-wrap elementor-element-populated\">\n\t\t\t\t\t\t<div class=\"elementor-element elementor-element-dfc9e8b elementor-align-center elementor-widget elementor-widget-button\" data-id=\"dfc9e8b\" data-element_type=\"widget\" data-widget_type=\"button.default\">\n\t\t\t\t<div class=\"elementor-widget-container\">\n\t\t\t\t\t\t\t\t\t<div class=\"elementor-button-wrapper\">\n\t\t\t\t\t<a class=\"elementor-button elementor-button-link elementor-size-sm\" href=\"https:\/\/wa.link\/g1x9j7\">\n\t\t\t\t\t\t<span class=\"elementor-button-content-wrapper\">\n\t\t\t\t\t\t\t\t\t<span class=\"elementor-button-text\">AGENDAR MINHA PRIMEIRA SESS\u00c3O<\/span>\n\t\t\t\t\t<\/span>\n\t\t\t\t\t<\/a>\n\t\t\t\t<\/div>\n\t\t\t\t\t\t\t\t<\/div>\n\t\t\t\t<\/div>\n\t\t\t\t\t<\/div>\n\t\t<\/div>\n\t\t\t\t\t<\/div>\n\t\t<\/section>\n\t\t\t\t<section class=\"elementor-section elementor-top-section elementor-element elementor-element-0922ef0 elementor-section-boxed elementor-section-height-default elementor-section-height-default\" data-id=\"0922ef0\" data-element_type=\"section\">\n\t\t\t\t\t\t<div class=\"elementor-container elementor-column-gap-default\">\n\t\t\t\t\t<div class=\"elementor-column elementor-col-100 elementor-top-column elementor-element elementor-element-9473c0a\" data-id=\"9473c0a\" data-element_type=\"column\">\n\t\t\t<div class=\"elementor-widget-wrap\">\n\t\t\t\t\t\t\t<\/div>\n\t\t<\/div>\n\t\t\t\t\t<\/div>\n\t\t<\/section>\n\t\t\t\t<section class=\"elementor-section elementor-top-section elementor-element elementor-element-e036a53 elementor-section-boxed elementor-section-height-default elementor-section-height-default\" data-id=\"e036a53\" data-element_type=\"section\">\n\t\t\t\t\t\t<div class=\"elementor-container elementor-column-gap-default\">\n\t\t\t\t\t<div class=\"elementor-column elementor-col-100 elementor-top-column elementor-element elementor-element-1c20c8d\" data-id=\"1c20c8d\" data-element_type=\"column\">\n\t\t\t<div class=\"elementor-widget-wrap\">\n\t\t\t\t\t\t\t<\/div>\n\t\t<\/div>\n\t\t\t\t\t<\/div>\n\t\t<\/section>\n\t\t\t\t<section class=\"elementor-section elementor-top-section elementor-element elementor-element-a998cfa elementor-section-boxed elementor-section-height-default elementor-section-height-default\" data-id=\"a998cfa\" data-element_type=\"section\">\n\t\t\t\t\t\t<div class=\"elementor-container elementor-column-gap-default\">\n\t\t\t\t\t<div class=\"elementor-column elementor-col-100 elementor-top-column elementor-element elementor-element-2f56300\" data-id=\"2f56300\" data-element_type=\"column\">\n\t\t\t<div class=\"elementor-widget-wrap elementor-element-populated\">\n\t\t\t\t\t\t<div class=\"elementor-element elementor-element-96fc9e2 elementor-widget elementor-widget-heading\" data-id=\"96fc9e2\" data-element_type=\"widget\" data-widget_type=\"heading.default\">\n\t\t\t\t<div class=\"elementor-widget-container\">\n\t\t\t\t\t<h2 class=\"elementor-heading-title elementor-size-default\">DEPOIMENTOS\n<\/h2>\t\t\t\t<\/div>\n\t\t\t\t<\/div>\n\t\t\t\t<div class=\"elementor-element elementor-element-35951c1 arrows-mobile-relative-to-image arrows-relative-to-box_area bullets-small-dot-stroke elementor-widget elementor-widget-the7_testimonials_carousel\" data-id=\"35951c1\" data-element_type=\"widget\" data-settings=\"{&quot;widget_columns&quot;:3,&quot;widget_columns_tablet&quot;:2,&quot;widget_columns_mobile&quot;:1,&quot;gap_between_posts&quot;:{&quot;unit&quot;:&quot;px&quot;,&quot;size&quot;:30,&quot;sizes&quot;:[]},&quot;gap_between_posts_tablet&quot;:{&quot;unit&quot;:&quot;px&quot;,&quot;size&quot;:&quot;&quot;,&quot;sizes&quot;:[]},&quot;gap_between_posts_mobile&quot;:{&quot;unit&quot;:&quot;px&quot;,&quot;size&quot;:&quot;&quot;,&quot;sizes&quot;:[]}}\" data-widget_type=\"the7_testimonials_carousel.default\">\n\t\t\t\t<div class=\"elementor-widget-container\">\n\t\t\t\t\t<div class=\"disable-arrows-hover-bg owl-carousel testimonials-carousel elementor-owl-carousel-call the7-elementor-widget the7_testimonials_carousel-35951c1 quick-scale-img\" data-scroll-mode=\"1\" data-auto-height=\"false\" data-speed=\"600\" data-autoplay=\"false\" data-autoplay_speed=\"\"><div  class=\"dt-owl-item-wrap hide-btn elements-hover\"  ><div class=\"dt-owl-item-inner \"><div   class=\"dt-owl-item-icon\"><i aria-hidden=\"true\" class=\"open-button fas fa-quote-right\"><\/i><\/div><h4  class=\"dt-owl-item-heading\">Brasileira, 30 anos<\/h4><h6  class=\"dt-owl-item-subtitle\">Estudando e vivendo no Canada h\u00e1 3 anos. <\/h6><div class=\"dt-owl-item-description\">\u201cGabriel foi um divisor de \u00e1guas na minha vida. Quando busquei sua ajuda foi em um momento delicado. Estava me sentindo exausta, pensando em desistir dos meu sonhos e voltar para o Brasil. Mas, com sua orienta\u00e7\u00e3o consegui me centrar e dar continuidade a minha miss\u00e3o aqui no Canada\u201d\n<\/div><\/div><\/div><div  class=\"dt-owl-item-wrap elements-hover\"  ><div class=\"dt-owl-item-inner \"><div   class=\"dt-owl-item-icon\"><i aria-hidden=\"true\" class=\"open-button fas fa-quote-right\"><\/i><\/div><h4  class=\"dt-owl-item-heading\">Brasileira, 63 anos<\/h4><h6  class=\"dt-owl-item-subtitle\">Morando na it\u00e1lia h\u00e1 15 anos<\/h6><div class=\"dt-owl-item-description\">\u201cGabriel \u00e9 um profissional excelente e diferenciado. J\u00e1 passei por muitos \u201cespecialistas da mente\u201d, mas foi ele quem me tirou da situa\u00e7\u00e3o em que eu estava. \n\nSem d\u00favida, ele \u00e9 muito competente e ama o que faz!\u201d\n<\/div><div class=\"dt-slide-button box-button elementor-button elementor-size-xs\">Click Here<\/div><\/div><\/div><div  class=\"dt-owl-item-wrap elements-hover\"  ><div class=\"dt-owl-item-inner \"><div   class=\"dt-owl-item-icon\"><i aria-hidden=\"true\" class=\"open-button fas fa-quote-right\"><\/i><\/div><h4  class=\"dt-owl-item-heading\">Brasileiro, 34 anos<\/h4><h6  class=\"dt-owl-item-subtitle\">Executivo morando a 10 anos nos EUA<\/h6><div class=\"dt-owl-item-description\">\u201cO que mais gostei na terapia foi aprender t\u00e9cnicas de respira\u00e7\u00e3o que realmente funcionam. Entender como meu corpo funciona me ajudou muito a adotar novos h\u00e1bitos que melhoraram meus n\u00edveis de energia, produtividade e bem estar.\nVale a pena conhecer o trabalho dele!\u201d\n\n<\/div><div class=\"dt-slide-button box-button elementor-button elementor-size-xs\">Click Here<\/div><\/div><\/div><\/div><div class=\"owl-nav disabled\"><div class=\"owl-prev\" role=\"button\"><i class=\"fas fa-chevron-left\"><\/i><\/div><div class=\"owl-next\" role=\"button\"><i class=\"fas fa-chevron-right\"><\/i><\/div><\/div>\t\t\t\t<\/div>\n\t\t\t\t<\/div>\n\t\t\t\t\t<\/div>\n\t\t<\/div>\n\t\t\t\t\t<\/div>\n\t\t<\/section>\n\t\t\t\t<\/div>\n\t\t","protected":false},"excerpt":{"rendered":"<p>Psic\u00f3logo Cl\u00ednico Eu sou o Dr. Gabriel Namur, psic\u00f3logo especializado em gest\u00e3o de estresse e regula\u00e7\u00e3o emocional e atendo brasileiros que moram no exterior. Por aqui voc\u00ea vai poder conhecer mais sobre o meu trabalho e agendar sua primeira sess\u00e3o. Gabriel Maisano NamurCRP 13-8118 Graduado em Psicologia pela Universidade Federal da Para\u00edba, Especialista em Terapia&hellip;<\/p>\n","protected":false},"author":1,"featured_media":0,"parent":0,"menu_order":0,"comment_status":"closed","ping_status":"closed","template":"","meta":{"_exactmetrics_skip_tracking":false,"_exactmetrics_sitenote_active":false,"_exactmetrics_sitenote_note":"","_exactmetrics_sitenote_category":0,"footnotes":""},"class_list":["post-6","page","type-page","status-publish","hentry"],"_links":{"self":[{"href":"https:\/\/namurpsicologia.com.br\/site\/wp-json\/wp\/v2\/pages\/6","targetHints":{"allow":["GET"]}}],"collection":[{"href":"https:\/\/namurpsicologia.com.br\/site\/wp-json\/wp\/v2\/pages"}],"about":[{"href":"https:\/\/namurpsicologia.com.br\/site\/wp-json\/wp\/v2\/types\/page"}],"author":[{"embeddable":true,"href":"https:\/\/namurpsicologia.com.br\/site\/wp-json\/wp\/v2\/users\/1"}],"replies":[{"embeddable":true,"href":"https:\/\/namurpsicologia.com.br\/site\/wp-json\/wp\/v2\/comments?post=6"}],"version-history":[{"count":201,"href":"https:\/\/namurpsicologia.com.br\/site\/wp-json\/wp\/v2\/pages\/6\/revisions"}],"predecessor-version":[{"id":462,"href":"https:\/\/namurpsicologia.com.br\/site\/wp-json\/wp\/v2\/pages\/6\/revisions\/462"}],"wp:attachment":[{"href":"https:\/\/namurpsicologia.com.br\/site\/wp-json\/wp\/v2\/media?parent=6"}],"curies":[{"name":"wp","href":"https:\/\/api.w.org\/{rel}","templated":true}]}}